{"id":232062,"date":"2022-06-28T18:26:16","date_gmt":"2022-06-28T18:26:16","guid":{"rendered":"https:\/\/spexpress.ca\/?page_id=232062"},"modified":"2024-01-29T16:56:03","modified_gmt":"2024-01-29T16:56:03","slug":"faq","status":"publish","type":"page","link":"https:\/\/spexpress.ca\/fr\/faq\/","title":{"rendered":"FAQ"},"content":{"rendered":"<p>[et_pb_section fb_built=\u00a0\u00bb1&Prime; admin_label=\u00a0\u00bbHeader\u00a0\u00bb _builder_version=\u00a0\u00bb4.17.4&Prime; _module_preset=\u00a0\u00bbdefault\u00a0\u00bb use_background_color_gradient=\u00a0\u00bbon\u00a0\u00bb background_color_gradient_stops=\u00a0\u00bb#0b165c 25%|rgba(46,91,97,0) 100%\u00a0\u00bb background_color_gradient_overlays_image=\u00a0\u00bbon\u00a0\u00bb background_image=\u00a0\u00bbhttps:\/\/spexpress.ca\/wp-content\/uploads\/2022\/02\/advantages-scaled.jpg\u00a0\u00bb background_position=\u00a0\u00bbtop_center\u00a0\u00bb background_vertical_offset=\u00a0\u00bb0%\u00a0\u00bb custom_padding=\u00a0\u00bb||16vw||false|false\u00a0\u00bb da_disable_devices=\u00a0\u00bboff|off|off\u00a0\u00bb collapsed=\u00a0\u00bbon\u00a0\u00bb global_colors_info=\u00a0\u00bb{}\u00a0\u00bb da_is_popup=\u00a0\u00bboff\u00a0\u00bb da_exit_intent=\u00a0\u00bboff\u00a0\u00bb da_has_close=\u00a0\u00bbon\u00a0\u00bb da_alt_close=\u00a0\u00bboff\u00a0\u00bb da_dark_close=\u00a0\u00bboff\u00a0\u00bb da_not_modal=\u00a0\u00bbon\u00a0\u00bb da_is_singular=\u00a0\u00bboff\u00a0\u00bb da_with_loader=\u00a0\u00bboff\u00a0\u00bb da_has_shadow=\u00a0\u00bbon\u00a0\u00bb][et_pb_row _builder_version=\u00a0\u00bb4.17.3&Prime; _module_preset=\u00a0\u00bbdefault\u00a0\u00bb width=\u00a0\u00bb70%\u00a0\u00bb width_tablet=\u00a0\u00bb80%\u00a0\u00bb width_phone=\u00a0\u00bb80%\u00a0\u00bb width_last_edited=\u00a0\u00bbon|tablet\u00a0\u00bb global_colors_info=\u00a0\u00bb{}\u00a0\u00bb][et_pb_column type=\u00a0\u00bb4_4&Prime; _builder_version=\u00a0\u00bb4.17.1&Prime; _module_preset=\u00a0\u00bbdefault\u00a0\u00bb global_colors_info=\u00a0\u00bb{}\u00a0\u00bb][et_pb_text _builder_version=\u00a0\u00bb4.17.4&Prime; _module_preset=\u00a0\u00bbdefault\u00a0\u00bb header_font=\u00a0\u00bbPoppins|600|||||||\u00a0\u00bb header_text_color=\u00a0\u00bb#FFFFFF\u00a0\u00bb header_font_size=\u00a0\u00bb90px\u00a0\u00bb header_line_height=\u00a0\u00bb1.1em\u00a0\u00bb text_orientation=\u00a0\u00bbcenter\u00a0\u00bb module_alignment=\u00a0\u00bbcenter\u00a0\u00bb custom_margin=\u00a0\u00bb||0px||false|false\u00a0\u00bb header_font_size_tablet=\u00a0\u00bb40px\u00a0\u00bb header_font_size_phone=\u00a0\u00bb24px\u00a0\u00bb header_font_size_last_edited=\u00a0\u00bbon|desktop\u00a0\u00bb global_colors_info=\u00a0\u00bb{}\u00a0\u00bb]<\/p>\n<h1>Foire Aux Questions<\/h1>\n<p>[\/et_pb_text][\/et_pb_column][\/et_pb_row][et_pb_row _builder_version=\u00a0\u00bb4.17.3&Prime; _module_preset=\u00a0\u00bbdefault\u00a0\u00bb positioning=\u00a0\u00bbabsolute\u00a0\u00bb position_origin_a=\u00a0\u00bbbottom_center\u00a0\u00bb vertical_offset=\u00a0\u00bb-1px\u00a0\u00bb width=\u00a0\u00bb100%\u00a0\u00bb max_width=\u00a0\u00bb100%\u00a0\u00bb custom_padding=\u00a0\u00bb||0px||false|false\u00a0\u00bb global_colors_info=\u00a0\u00bb{}\u00a0\u00bb][et_pb_column type=\u00a0\u00bb4_4&Prime; _builder_version=\u00a0\u00bb4.17.3&Prime; _module_preset=\u00a0\u00bbdefault\u00a0\u00bb global_colors_info=\u00a0\u00bb{}\u00a0\u00bb][et_pb_image src=\u00a0\u00bbhttps:\/\/spexpress.ca\/wp-content\/uploads\/2022\/06\/therapy-17.png\u00a0\u00bb title_text=\u00a0\u00bbtherapy 17&Prime; force_fullwidth=\u00a0\u00bbon\u00a0\u00bb _builder_version=\u00a0\u00bb4.17.3&Prime; _module_preset=\u00a0\u00bbdefault\u00a0\u00bb global_colors_info=\u00a0\u00bb{}\u00a0\u00bb][\/et_pb_image][\/et_pb_column][\/et_pb_row][\/et_pb_section][et_pb_section fb_built=\u00a0\u00bb1&Prime; admin_label=\u00a0\u00bbFAQ\u00a0\u00bb _builder_version=\u00a0\u00bb4.17.3&Prime; _module_preset=\u00a0\u00bbdefault\u00a0\u00bb top_divider_flip=\u00a0\u00bbhorizontal\u00a0\u00bb da_disable_devices=\u00a0\u00bboff|off|off\u00a0\u00bb collapsed=\u00a0\u00bbon\u00a0\u00bb global_colors_info=\u00a0\u00bb{}\u00a0\u00bb da_is_popup=\u00a0\u00bboff\u00a0\u00bb da_exit_intent=\u00a0\u00bboff\u00a0\u00bb da_has_close=\u00a0\u00bbon\u00a0\u00bb da_alt_close=\u00a0\u00bboff\u00a0\u00bb da_dark_close=\u00a0\u00bboff\u00a0\u00bb da_not_modal=\u00a0\u00bbon\u00a0\u00bb da_is_singular=\u00a0\u00bboff\u00a0\u00bb da_with_loader=\u00a0\u00bboff\u00a0\u00bb da_has_shadow=\u00a0\u00bbon\u00a0\u00bb][et_pb_row custom_padding_last_edited=\u00a0\u00bbon|phone\u00a0\u00bb _builder_version=\u00a0\u00bb4.17.3&Prime; _module_preset=\u00a0\u00bbdefault\u00a0\u00bb use_background_color_gradient=\u00a0\u00bbon\u00a0\u00bb background_color_gradient_stops=\u00a0\u00bb#e5e8f0 45%|rgba(229,232,240,0) 80%\u00a0\u00bb custom_margin=\u00a0\u00bb-15vw||||false|false\u00a0\u00bb custom_margin_tablet=\u00a0\u00bb-21vw||||false|false\u00a0\u00bb custom_margin_phone=\u00a0\u00bb||||false|false\u00a0\u00bb custom_margin_last_edited=\u00a0\u00bboff|desktop\u00a0\u00bb custom_padding=\u00a0\u00bb30px|80px|30px|80px|true|true\u00a0\u00bb custom_padding_tablet=\u00a0\u00bb30px|20px|30px|20px|true|true\u00a0\u00bb custom_padding_phone=\u00a0\u00bb20px|0px|20px|0px|true|true\u00a0\u00bb global_colors_info=\u00a0\u00bb{}\u00a0\u00bb][et_pb_column type=\u00a0\u00bb4_4&Prime; _builder_version=\u00a0\u00bb4.17.3&Prime; _module_preset=\u00a0\u00bbdefault\u00a0\u00bb global_colors_info=\u00a0\u00bb{}\u00a0\u00bb][et_pb_divider show_divider=\u00a0\u00bboff\u00a0\u00bb _builder_version=\u00a0\u00bb4.17.4&Prime; _module_preset=\u00a0\u00bbdefault\u00a0\u00bb custom_padding=\u00a0\u00bb10px||||false|false\u00a0\u00bb global_colors_info=\u00a0\u00bb{}\u00a0\u00bb][\/et_pb_divider][et_pb_text _builder_version=\u00a0\u00bb4.17.4&Prime; _module_preset=\u00a0\u00bbdefault\u00a0\u00bb text_font=\u00a0\u00bbPoppins|600|||||||\u00a0\u00bb text_text_color=\u00a0\u00bb#111111&Prime; text_font_size=\u00a0\u00bb20px\u00a0\u00bb text_line_height=\u00a0\u00bb2em\u00a0\u00bb custom_padding=\u00a0\u00bb|15px||15px|false|true\u00a0\u00bb custom_padding_tablet=\u00a0\u00bb|15px||15px|false|true\u00a0\u00bb custom_padding_phone=\u00a0\u00bb|15px||15px|false|true\u00a0\u00bb custom_padding_last_edited=\u00a0\u00bbon|desktop\u00a0\u00bb text_font_size_tablet=\u00a0\u00bb15px\u00a0\u00bb text_font_size_phone=\u00a0\u00bb11px\u00a0\u00bb text_font_size_last_edited=\u00a0\u00bbon|phone\u00a0\u00bb global_colors_info=\u00a0\u00bb{}\u00a0\u00bb]<\/p>\n<p>Cette section est con\u00e7ue pour vous aider avec les questions et r\u00e9ponses li\u00e9es \u00e0 l&rsquo;ex\u00e9cution des commandes de commerce \u00e9lectronique. De nombreuses questions peuvent se poser dans votre esprit, avant de faire affaire avec un partenaire logistique pour votre entreprise. Consultez notre FAQ pour obtenir vos r\u00e9ponses.<\/p>\n<p>[\/et_pb_text][et_pb_accordion open_toggle_text_color=\u00a0\u00bb#111111&Prime; open_toggle_background_color=\u00a0\u00bbRGBA(255,255,255,0)\u00a0\u00bb closed_toggle_background_color=\u00a0\u00bbRGBA(255,255,255,0)\u00a0\u00bb toggle_icon=\u00a0\u00bb&#x50;||divi||400&Prime; icon_color=\u00a0\u00bb#22434A\u00a0\u00bb _builder_version=\u00a0\u00bb4.17.4&Prime; _module_preset=\u00a0\u00bbdefault\u00a0\u00bb toggle_text_color=\u00a0\u00bb#111111&Prime; toggle_font=\u00a0\u00bbPoppins|700|||||||\u00a0\u00bb toggle_font_size=\u00a0\u00bb22px\u00a0\u00bb toggle_line_height=\u00a0\u00bb1.2em\u00a0\u00bb closed_toggle_font=\u00a0\u00bbPoppins||||||||\u00a0\u00bb body_font=\u00a0\u00bbPoppins||||||||\u00a0\u00bb body_text_color=\u00a0\u00bb#22434A\u00a0\u00bb body_font_size=\u00a0\u00bb18px\u00a0\u00bb body_line_height=\u00a0\u00bb1.8em\u00a0\u00bb toggle_font_size_tablet=\u00a0\u00bb16px\u00a0\u00bb toggle_font_size_phone=\u00a0\u00bb13px\u00a0\u00bb toggle_font_size_last_edited=\u00a0\u00bbon|desktop\u00a0\u00bb body_font_size_tablet=\u00a0\u00bb16px\u00a0\u00bb body_font_size_phone=\u00a0\u00bb14px\u00a0\u00bb body_font_size_last_edited=\u00a0\u00bbon|phone\u00a0\u00bb border_width_all=\u00a0\u00bb0px\u00a0\u00bb border_width_bottom=\u00a0\u00bb1px\u00a0\u00bb border_color_bottom=\u00a0\u00bbrgba(46,91,97,0.2)\u00a0\u00bb global_colors_info=\u00a0\u00bb{}\u00a0\u00bb][et_pb_accordion_item title=\u00a0\u00bbQu&rsquo;est-ce que le 3PL?\u00a0\u00bb open=\u00a0\u00bbon\u00a0\u00bb _builder_version=\u00a0\u00bb4.17.4&Prime; _module_preset=\u00a0\u00bbdefault\u00a0\u00bb global_colors_info=\u00a0\u00bb{}\u00a0\u00bb]<\/p>\n<p><b>3PL = <span>la logistique de tierce partie<\/span><\/b><\/p>\n<p><span style=\"font-weight: 400;\">3PL (<span>la logistique de tierce partie<\/span>) <\/span><span style=\"font-weight: 400;\">est l&rsquo;externalisation des services d&rsquo;entreposage, d&rsquo;ex\u00e9cution et\/ou de transport d&rsquo;une entreprise \u00e0 une entreprise tierce. Chez Pr\u00e9cise Services, nous sommes votre entrep\u00f4t. Au lieu de louer un b\u00e2timent, d&#8217;embaucher un gestionnaire et du personnel, d&rsquo;investir dans un WMS (Warehouse Management System) et de n\u00e9gocier vos propres tarifs avec les transporteurs, Pr\u00e9cise Services s&rsquo;occupera de tous ces \u00e9l\u00e9ments.<\/span><\/p>\n<p><span style=\"font-weight: 400;\">Pr\u00e9cise Services est votre partenaire logistique tiers ; l&rsquo;entreposage et l&rsquo;exp\u00e9dition des produits en votre nom. Cela permet \u00e0 votre entreprise de se concentrer sur la fabrication, la commercialisation et la vente de votre produit. Pr\u00e9cise Services \u00e9limine les soucis d&rsquo;entreposage et de logistique tout en vous permettant de vous concentrer sur la gestion de votre entreprise.<\/span><\/p>\n<p>[\/et_pb_accordion_item][et_pb_accordion_item title=\u00a0\u00bbPourquoi utiliser 3PL?\u00a0\u00bb _builder_version=\u00a0\u00bb4.17.4&Prime; _module_preset=\u00a0\u00bbdefault\u00a0\u00bb global_colors_info=\u00a0\u00bb{}\u00a0\u00bb open=\u00a0\u00bboff\u00a0\u00bb]<\/p>\n<p><b>Parce que quelqu&rsquo;un d&rsquo;autre peut faire mieux<\/b><\/p>\n<p><span style=\"font-weight: 400;\">M\u00eame si vous avez des ressources disponibles, une autre organisation au sein de la cha\u00eene d&rsquo;approvisionnement peut \u00eatre en mesure de faire mieux, simplement en raison de sa position relative dans la cha\u00eene d&rsquo;approvisionnement, de son expertise en cha\u00eene d&rsquo;approvisionnement et des \u00e9conomies d&rsquo;\u00e9chelle.<\/span><\/p>\n<p>&nbsp;<\/p>\n<p><b>Partager la responsabilit\u00e9<\/b><\/p>\n<p><span style=\"font-weight: 400;\">Les entreprises 3PL peuvent partager la responsabilit\u00e9 de la gestion des cha\u00eenes d&rsquo;approvisionnement mondiales, du bon approvisionnement des clients et des magasins et de la livraison de la commande parfaite \u00e0 chaque fois.<\/span><\/p>\n<p>&nbsp;<\/p>\n<p><b>R\u00e9organiser les r\u00e9seaux de distribution<\/b><\/p>\n<p><span style=\"font-weight: 400;\">L&rsquo;externalisation de la logistique peut \u00eatre un moyen rapide de r\u00e9organiser les r\u00e9seaux de distribution pour r\u00e9pondre aux demandes du march\u00e9 mondial et acqu\u00e9rir un avantage concurrentiel. Saviez-vous que vous pouvez acc\u00e9der \u00e0 l&rsquo;historique de chaque num\u00e9ro SKU suivi par P3PL et voir quand et o\u00f9 chaque pi\u00e8ce a \u00e9t\u00e9 exp\u00e9di\u00e9e, quand le nouveau stock arrive et combien?<\/span><\/p>\n<p>[\/et_pb_accordion_item][et_pb_accordion_item title=\u00a0\u00bbAvantages de l&rsquo;utilisation d&rsquo;un 3PL\u00a0\u00bb _builder_version=\u00a0\u00bb4.17.4&Prime; _module_preset=\u00a0\u00bbdefault\u00a0\u00bb global_colors_info=\u00a0\u00bb{}\u00a0\u00bb open=\u00a0\u00bboff\u00a0\u00bb]<\/p>\n<p><span style=\"font-weight: 400;\">&#8211; R\u00e9duction du co\u00fbt total de livraison pour votre client<\/span><\/p>\n<p><span style=\"font-weight: 400;\">&#8211; Expertise locale sur de nouveaux march\u00e9s<\/span><\/p>\n<p><span style=\"font-weight: 400;\">&#8211; Am\u00e9lioration du service client gr\u00e2ce \u00e0 des d\u00e9lais d&rsquo;exp\u00e9dition plus courts<\/span><\/p>\n<p><span style=\"font-weight: 400;\">&#8211; R\u00e9duction des co\u00fbts d&rsquo;inventaire gr\u00e2ce \u00e0 une meilleure gestion<\/span><\/p>\n<p><span style=\"font-weight: 400;\">&#8211; Avantages en termes de co\u00fbts gr\u00e2ce \u00e0 des remises sur le volume d&rsquo;exp\u00e9dition<\/span><\/p>\n<p><span style=\"font-weight: 400;\">&#8211; Am\u00e9lioration de l&rsquo;accent mis sur les comp\u00e9tences de base<\/span><\/p>\n<p><span style=\"font-weight: 400;\">&#8211; Visibilit\u00e9 accrue des exp\u00e9ditions<\/span><\/p>\n<p><span style=\"font-weight: 400;\">&#8211; Op\u00e9ration logistique et mod\u00e8le de co\u00fbts plus \u00e9volutifs<\/span><\/p>\n<p><span style=\"font-weight: 400;\">&#8211; Vari\u00e9t\u00e9 am\u00e9lior\u00e9e de technologie et de service<\/span><\/p>\n<p><span style=\"font-weight: 400;\">&#8211; R\u00e9duction de risque<\/span><\/p>\n<p>[\/et_pb_accordion_item][et_pb_accordion_item title=\u00a0\u00bbNous d\u00e9terminons votre tarif en fonction de:\u00a0\u00bb _builder_version=\u00a0\u00bb4.17.4&Prime; _module_preset=\u00a0\u00bbdefault\u00a0\u00bb global_colors_info=\u00a0\u00bb{}\u00a0\u00bb open=\u00a0\u00bboff\u00a0\u00bb]<\/p>\n<p><span style=\"font-weight: 400;\">&#8211; Quantit\u00e9 et mode de r\u00e9ception des marchandises<\/span><\/p>\n<p><span style=\"font-weight: 400;\">&#8211; Co\u00fbt de stockage qui est sur une base par m\u00e8tre cube ;<\/span><\/p>\n<p><span style=\"font-weight: 400;\">&#8211; Complexit\u00e9 du processus de traitement 3PL dont vous avez besoin ;<\/span><\/p>\n<p><span style=\"font-weight: 400;\">&#8211; M\u00e9thode d&rsquo;exp\u00e9dition et quantit\u00e9 de commande<\/span><\/p>\n<p>[\/et_pb_accordion_item][et_pb_accordion_item title=\u00a0\u00bbMes biens sont-ils assur\u00e9s?\u00a0\u00bb _builder_version=\u00a0\u00bb4.17.4&Prime; _module_preset=\u00a0\u00bbdefault\u00a0\u00bb global_colors_info=\u00a0\u00bb{}\u00a0\u00bb open=\u00a0\u00bboff\u00a0\u00bb]<\/p>\n<p><span style=\"font-weight: 400;\">Nous avons une assurance responsabilit\u00e9 civile g\u00e9n\u00e9rale qui couvre l&rsquo;entrep\u00f4t ; Cependant, nous recommandons aux clients d&rsquo;assurer leurs biens par l&rsquo;interm\u00e9diaire de leur propre assureur.<\/span><\/p>\n<p>[\/et_pb_accordion_item][et_pb_accordion_item title=\u00a0\u00bbDois-je signer un contrat?\u00a0\u00bb _builder_version=\u00a0\u00bb4.17.4&Prime; _module_preset=\u00a0\u00bbdefault\u00a0\u00bb global_colors_info=\u00a0\u00bb{}\u00a0\u00bb open=\u00a0\u00bboff\u00a0\u00bb]<\/p>\n<p><span style=\"font-weight: 400;\">Oui, nous signerons un accord de service pour prot\u00e9ger les droits des deux parties.<\/span><\/p>\n<p>[\/et_pb_accordion_item][et_pb_accordion_item title=\u00a0\u00bbLes marchandises sont-elles exp\u00e9di\u00e9es \u00e0 votre entrep\u00f4t de Vancouver ou de Montr\u00e9al?\u00a0\u00bb _builder_version=\u00a0\u00bb4.17.4&Prime; _module_preset=\u00a0\u00bbdefault\u00a0\u00bb global_colors_info=\u00a0\u00bb{}\u00a0\u00bb open=\u00a0\u00bboff\u00a0\u00bb]<\/p>\n<p><span style=\"font-weight: 400;\">Actuellement, seul l&rsquo;entrep\u00f4t de Montr\u00e9al sert \u00e0 l&rsquo;ex\u00e9cution des commandes 3PL. Nous travaillons \u00e0 l&rsquo;ouverture prochaine de l&rsquo;entrep\u00f4t de Vancouver pour r\u00e9pondre \u00e0 vos besoins dans l&rsquo;ouest du Canada!<\/span><\/p>\n<p>[\/et_pb_accordion_item][et_pb_accordion_item title=\u00a0\u00bbY a-t-il des frais d&rsquo;ouverture de compte ou des frais de compte?\u00a0\u00bb _builder_version=\u00a0\u00bb4.17.4&Prime; _module_preset=\u00a0\u00bbdefault\u00a0\u00bb global_colors_info=\u00a0\u00bb{}\u00a0\u00bb open=\u00a0\u00bboff\u00a0\u00bb]<\/p>\n<p><span style=\"font-weight: 400;\">Non, la configuration initiale est totalement gratuite. Ceci est particuli\u00e8rement convivial pour les start-up et les PME qui n&rsquo;ont pas encore finalis\u00e9 leur strat\u00e9gie de distribution et qui souhaitent essayer diff\u00e9rents canaux.<\/span><\/p>\n<p>[\/et_pb_accordion_item][et_pb_accordion_item title=\u00a0\u00bbExiste-t-il un seuil minimum d&rsquo;activit\u00e9?\u00a0\u00bb _builder_version=\u00a0\u00bb4.17.4&Prime; _module_preset=\u00a0\u00bbdefault\u00a0\u00bb global_colors_info=\u00a0\u00bb{}\u00a0\u00bb open=\u00a0\u00bboff\u00a0\u00bb]<\/p>\n<p><span style=\"font-weight: 400;\">Non, nous aimerions soutenir votre entreprise \u00e0 partir de z\u00e9ro !<\/span><\/p>\n<p>[\/et_pb_accordion_item][et_pb_accordion_item title=\u00a0\u00bbDois-je payer des frais mensuels pour le service?\u00a0\u00bb _builder_version=\u00a0\u00bb4.17.4&Prime; _module_preset=\u00a0\u00bbdefault\u00a0\u00bb global_colors_info=\u00a0\u00bb{}\u00a0\u00bb open=\u00a0\u00bboff\u00a0\u00bb]<\/p>\n<p><span style=\"font-weight: 400;\">Pour les start-up et les petites entreprises, vous \u00eates exempt des frais mensuels. Seuls les clients avec plus de 100 SKU seront factur\u00e9s les frais de gestion de projet et de support informatique \u00e0 100 $\/mois.<\/span><\/p>\n<p>[\/et_pb_accordion_item][\/et_pb_accordion][et_pb_divider show_divider=\u00a0\u00bboff\u00a0\u00bb _builder_version=\u00a0\u00bb4.17.4&Prime; _module_preset=\u00a0\u00bbdefault\u00a0\u00bb global_colors_info=\u00a0\u00bb{}\u00a0\u00bb][\/et_pb_divider][et_pb_text _builder_version=\u00a0\u00bb4.17.4&Prime; _module_preset=\u00a0\u00bbdefault\u00a0\u00bb text_font=\u00a0\u00bbPoppins|700|||||||\u00a0\u00bb text_text_color=\u00a0\u00bb#111111&Prime; text_font_size=\u00a0\u00bb23px\u00a0\u00bb text_line_height=\u00a0\u00bb1.5em\u00a0\u00bb text_orientation=\u00a0\u00bbcenter\u00a0\u00bb custom_padding=\u00a0\u00bb|15px||15px|false|true\u00a0\u00bb custom_padding_tablet=\u00a0\u00bb|15px||15px|false|true\u00a0\u00bb custom_padding_phone=\u00a0\u00bb|15px||15px|false|true\u00a0\u00bb custom_padding_last_edited=\u00a0\u00bbon|desktop\u00a0\u00bb text_font_size_tablet=\u00a0\u00bb15px\u00a0\u00bb text_font_size_phone=\u00a0\u00bb11px\u00a0\u00bb text_font_size_last_edited=\u00a0\u00bboff|desktop\u00a0\u00bb global_colors_info=\u00a0\u00bb{}\u00a0\u00bb]<\/p>\n<p>Si vous ne trouvez pas les r\u00e9ponses que vous cherchez, contactez-nous, nous r\u00e9pondrons \u00e0 toutes vos questions sous peu.<\/p>\n<p>[\/et_pb_text][\/et_pb_column][\/et_pb_row][et_pb_row _builder_version=\u00a0\u00bb4.24.0&Prime; _module_preset=\u00a0\u00bbdefault\u00a0\u00bb hover_enabled=\u00a0\u00bb0&Prime; global_colors_info=\u00a0\u00bb{}\u00a0\u00bb sticky_enabled=\u00a0\u00bb0&Prime;][et_pb_column type=\u00a0\u00bb4_4&Prime; _builder_version=\u00a0\u00bb4.17.3&Prime; _module_preset=\u00a0\u00bbdefault\u00a0\u00bb custom_padding_tablet=\u00a0\u00bb||30px||false|false\u00a0\u00bb custom_padding_phone=\u00a0\u00bb||30px||false|false\u00a0\u00bb custom_padding_last_edited=\u00a0\u00bbon|tablet\u00a0\u00bb global_colors_info=\u00a0\u00bb{}\u00a0\u00bb][et_pb_icon font_icon=\u00a0\u00bb&#xe010;||divi||400&Prime; icon_color=\u00a0\u00bb#FFFFFF\u00a0\u00bb icon_width=\u00a0\u00bb64px\u00a0\u00bb url=\u00a0\u00bbmailto:info@spexpress.ca\u00a0\u00bb url_new_window=\u00a0\u00bbon\u00a0\u00bb _builder_version=\u00a0\u00bb4.17.4&Prime; _module_preset=\u00a0\u00bbdefault\u00a0\u00bb background_color=\u00a0\u00bb#0B165C\u00a0\u00bb custom_padding=\u00a0\u00bb30px|30px|30px|30px|true|true\u00a0\u00bb border_radii=\u00a0\u00bbon|100px|100px|100px|100px\u00a0\u00bb global_colors_info=\u00a0\u00bb{}\u00a0\u00bb][\/et_pb_icon][et_pb_text _builder_version=\u00a0\u00bb4.17.4&Prime; _module_preset=\u00a0\u00bbdefault\u00a0\u00bb header_font=\u00a0\u00bb||||||||\u00a0\u00bb header_4_font=\u00a0\u00bbPoppins|700|||||||\u00a0\u00bb header_4_text_color=\u00a0\u00bb#22434A\u00a0\u00bb header_4_font_size=\u00a0\u00bb22px\u00a0\u00bb header_4_line_height=\u00a0\u00bb1.6em\u00a0\u00bb text_orientation=\u00a0\u00bbcenter\u00a0\u00bb module_alignment=\u00a0\u00bbcenter\u00a0\u00bb custom_margin=\u00a0\u00bb||0px||false|false\u00a0\u00bb header_4_font_size_tablet=\u00a0\u00bb20px\u00a0\u00bb header_4_font_size_phone=\u00a0\u00bb16px\u00a0\u00bb header_4_font_size_last_edited=\u00a0\u00bbon|phone\u00a0\u00bb global_colors_info=\u00a0\u00bb{}\u00a0\u00bb]<\/p>\n<h4>Posez votre question<\/h4>\n<p>[\/et_pb_text][et_pb_text _builder_version=\u00a0\u00bb4.17.4&Prime; _module_preset=\u00a0\u00bbdefault\u00a0\u00bb text_font=\u00a0\u00bbPoppins||||||||\u00a0\u00bb text_text_color=\u00a0\u00bb#22434A\u00a0\u00bb text_font_size=\u00a0\u00bb18px\u00a0\u00bb text_line_height=\u00a0\u00bb1.8em\u00a0\u00bb link_text_color=\u00a0\u00bb#000000&Prime; text_orientation=\u00a0\u00bbcenter\u00a0\u00bb module_alignment=\u00a0\u00bbcenter\u00a0\u00bb text_font_size_tablet=\u00a0\u00bb16px\u00a0\u00bb text_font_size_phone=\u00a0\u00bb14px\u00a0\u00bb text_font_size_last_edited=\u00a0\u00bbon|tablet\u00a0\u00bb header_font_size_tablet=\u00a0\u00bb55px\u00a0\u00bb header_font_size_last_edited=\u00a0\u00bboff|desktop\u00a0\u00bb global_colors_info=\u00a0\u00bb{}\u00a0\u00bb]<\/p>\n<p><a href=\"mailto:info@spexpress.ca\" target=\"_blank\" rel=\"noopener\"><span style=\"display:inline;unicode-bidi:bidi-override;direction:rtl;\" class=\"\">ac.sserpxeps<span style=\"display:none;\">obfsctd<\/span>&#64;ofni<\/span><\/a><\/p>\n<p>[\/et_pb_text][\/et_pb_column][\/et_pb_row][\/et_pb_section]<\/p>\n","protected":false},"excerpt":{"rendered":"<p>Foire Aux QuestionsCette section est con\u00e7ue pour vous aider avec les questions et r\u00e9ponses li\u00e9es \u00e0 l&rsquo;ex\u00e9cution des commandes de commerce \u00e9lectronique. De nombreuses questions peuvent se poser dans votre esprit, avant de faire affaire avec un partenaire logistique pour votre entreprise. Consultez notre FAQ pour obtenir vos r\u00e9ponses.3PL = la logistique de tierce partie [&hellip;]<\/p>\n","protected":false},"author":1,"featured_media":230163,"parent":0,"menu_order":0,"comment_status":"closed","ping_status":"closed","template":"","meta":{"_et_pb_use_builder":"on","_et_pb_old_content":"","_et_gb_content_width":"","_monsterinsights_skip_tracking":false,"_monsterinsights_sitenote_active":false,"_monsterinsights_sitenote_note":"","_monsterinsights_sitenote_category":0,"footnotes":""},"class_list":["post-232062","page","type-page","status-publish","has-post-thumbnail","hentry"],"_links":{"self":[{"href":"https:\/\/spexpress.ca\/fr\/wp-json\/wp\/v2\/pages\/232062\/"}],"collection":[{"href":"https:\/\/spexpress.ca\/fr\/wp-json\/wp\/v2\/pages\/"}],"about":[{"href":"https:\/\/spexpress.ca\/fr\/wp-json\/wp\/v2\/types\/page\/"}],"author":[{"embeddable":true,"href":"https:\/\/spexpress.ca\/fr\/wp-json\/wp\/v2\/users\/1\/"}],"replies":[{"embeddable":true,"href":"https:\/\/spexpress.ca\/fr\/wp-json\/wp\/v2\/comments\/?post=232062"}],"version-history":[{"count":0,"href":"https:\/\/spexpress.ca\/fr\/wp-json\/wp\/v2\/pages\/232062\/revisions\/"}],"wp:featuredmedia":[{"embeddable":true,"href":"https:\/\/spexpress.ca\/fr\/wp-json\/wp\/v2\/media\/230163\/"}],"wp:attachment":[{"href":"https:\/\/spexpress.ca\/fr\/wp-json\/wp\/v2\/media\/?parent=232062"}],"curies":[{"name":"wp","href":"https:\/\/api.w.org\/{rel}","templated":true}]}}